{"id":77,"date":"2025-07-17T13:15:11","date_gmt":"2025-07-17T13:15:11","guid":{"rendered":"https:\/\/www.mareaformacion.es\/web\/?post_type=product&#038;p=77"},"modified":"2025-07-18T09:25:26","modified_gmt":"2025-07-18T09:25:26","slug":"didactica-del-juego","status":"publish","type":"product","link":"http:\/\/mareaformacion.es\/index.php\/producto\/didactica-del-juego\/","title":{"rendered":"Didactica del Juego"},"content":{"rendered":"<p>Aprende a\u00a0<strong>aplicar el juego como v\u00eda de aprendizaje de los m\u00e1s peque\u00f1os.<\/strong>\u00a0Completa tu formaci\u00f3n con \u00e9ste curso online\u00a0<strong>y trabaja jugando con ni\u00f1os.<\/strong><\/p>\n<p><img loading=\"lazy\" decoding=\"async\" class=\"alignnone size-medium wp-image-78\" src=\"http:\/\/mareaformacion.es\/wp-content\/uploads\/2025\/07\/Captura-de-pantalla-2025-07-17-105044-300x190.png\" alt=\"\" width=\"300\" height=\"190\" srcset=\"http:\/\/mareaformacion.es\/wp-content\/uploads\/2025\/07\/Captura-de-pantalla-2025-07-17-105044-300x190.png 300w, http:\/\/mareaformacion.es\/wp-content\/uploads\/2025\/07\/Captura-de-pantalla-2025-07-17-105044-600x380.png 600w, http:\/\/mareaformacion.es\/wp-content\/uploads\/2025\/07\/Captura-de-pantalla-2025-07-17-105044.png 722w\" sizes=\"auto, (max-width: 300px) 100vw, 300px\" \/><\/p>\n","protected":false},"excerpt":{"rendered":"<p>Aprende a\u00a0<strong>aplicar el juego como v\u00eda de aprendizaje de los m\u00e1s peque\u00f1os.<\/strong>\u00a0Completa tu formaci\u00f3n con \u00e9ste curso online\u00a0<strong>y trabaja jugando con ni\u00f1os.<\/strong><img loading=\"lazy\" decoding=\"async\" class=\"alignnone size-medium wp-image-78\" src=\"http:\/\/mareaformacion.es\/wp-content\/uploads\/2025\/07\/Captura-de-pantalla-2025-07-17-105044-300x190.png\" alt=\"\" width=\"300\" height=\"190\" srcset=\"http:\/\/mareaformacion.es\/wp-content\/uploads\/2025\/07\/Captura-de-pantalla-2025-07-17-105044-300x190.png 300w, http:\/\/mareaformacion.es\/wp-content\/uploads\/2025\/07\/Captura-de-pantalla-2025-07-17-105044-600x380.png 600w, http:\/\/mareaformacion.es\/wp-content\/uploads\/2025\/07\/Captura-de-pantalla-2025-07-17-105044.png 722w\" sizes=\"auto, (max-width: 300px) 100vw, 300px\" \/><\/p>\n","protected":false},"featured_media":78,"comment_status":"open","ping_status":"closed","template":"","meta":[],"product_brand":[],"product_cat":[17],"product_tag":[],"class_list":{"0":"post-77","1":"product","2":"type-product","3":"status-publish","4":"has-post-thumbnail","6":"product_cat-cursos-privados","7":"entry","9":"first","10":"instock","11":"featured","12":"virtual","13":"purchasable","14":"product-type-simple"},"_links":{"self":[{"href":"http:\/\/mareaformacion.es\/index.php\/wp-json\/wp\/v2\/product\/77","targetHints":{"allow":["GET"]}}],"collection":[{"href":"http:\/\/mareaformacion.es\/index.php\/wp-json\/wp\/v2\/product"}],"about":[{"href":"http:\/\/mareaformacion.es\/index.php\/wp-json\/wp\/v2\/types\/product"}],"replies":[{"embeddable":true,"href":"http:\/\/mareaformacion.es\/index.php\/wp-json\/wp\/v2\/comments?post=77"}],"wp:featuredmedia":[{"embeddable":true,"href":"http:\/\/mareaformacion.es\/index.php\/wp-json\/wp\/v2\/media\/78"}],"wp:attachment":[{"href":"http:\/\/mareaformacion.es\/index.php\/wp-json\/wp\/v2\/media?parent=77"}],"wp:term":[{"taxonomy":"product_brand","embeddable":true,"href":"http:\/\/mareaformacion.es\/index.php\/wp-json\/wp\/v2\/product_brand?post=77"},{"taxonomy":"product_cat","embeddable":true,"href":"http:\/\/mareaformacion.es\/index.php\/wp-json\/wp\/v2\/product_cat?post=77"},{"taxonomy":"product_tag","embeddable":true,"href":"http:\/\/mareaformacion.es\/index.php\/wp-json\/wp\/v2\/product_tag?post=77"}],"curies":[{"name":"wp","href":"https:\/\/api.w.org\/{rel}","templated":true}]}}